{"id":839,"date":"2023-05-15T19:47:55","date_gmt":"2023-05-15T19:47:55","guid":{"rendered":"https:\/\/eleon-energy.com\/?page_id=839"},"modified":"2023-05-24T20:14:49","modified_gmt":"2023-05-24T20:14:49","slug":"join-us","status":"publish","type":"page","link":"https:\/\/eleon-energy.com\/ro\/join-us\/","title":{"rendered":"Carier\u0103"},"content":{"rendered":"<div data-elementor-type=\"wp-page\" data-elementor-id=\"839\" class=\"elementor elementor-839\">\n\t\t\t\t\t\t\t\t\t<section class=\"elementor-section elementor-top-section elementor-element elementor-element-6afb7498 elementor-section-full_width elementor-section-height-default elementor-section-height-default\" data-id=\"6afb7498\" data-element_type=\"section\" data-settings=\"{&quot;background_background&quot;:&quot;gradient&quot;}\">\n\t\t\t\t\t\t<div class=\"elementor-container elementor-column-gap-default\">\n\t\t\t\t\t<div class=\"elementor-column elementor-col-50 elementor-top-column elementor-element elementor-element-31a5371f\" data-id=\"31a5371f\" data-element_type=\"column\" data-settings=\"{&quot;background_background&quot;:&quot;classic&quot;}\">\n\t\t\t<div class=\"elementor-widget-wrap elementor-element-populated\">\n\t\t\t\t\t\t\t\t<div class=\"elementor-element elementor-element-a147904 elementor-widget elementor-widget-heading\" data-id=\"a147904\" data-element_type=\"widget\" data-widget_type=\"heading.default\">\n\t\t\t\t<div class=\"elementor-widget-container\">\n\t\t\t<style>\/*! elementor - v3.13.1 - 09-05-2023 *\/\n.elementor-heading-title{padding:0;margin:0;line-height:1}.elementor-widget-heading .elementor-heading-title[class*=elementor-size-]>a{color:inherit;font-size:inherit;line-height:inherit}.elementor-widget-heading .elementor-heading-title.elementor-size-small{font-size:15px}.elementor-widget-heading .elementor-heading-title.elementor-size-medium{font-size:19px}.elementor-widget-heading .elementor-heading-title.elementor-size-large{font-size:29px}.elementor-widget-heading .elementor-heading-title.elementor-size-xl{font-size:39px}.elementor-widget-heading .elementor-heading-title.elementor-size-xxl{font-size:59px}<\/style><h1 class=\"elementor-heading-title elementor-size-default\">Pentru O Mai Bun\u0103 Utilizare A <br\/> Resurselor De Ap\u0103 \u00cen Agricultur\u0103<\/h1>\t\t<\/div>\n\t\t\t\t<\/div>\n\t\t\t\t\t<\/div>\n\t\t<\/div>\n\t\t\t\t<div class=\"elementor-column elementor-col-50 elementor-top-column elementor-element elementor-element-68ffba9f skt-ecology-section3-mid\" data-id=\"68ffba9f\" data-element_type=\"column\">\n\t\t\t<div class=\"elementor-widget-wrap elementor-element-populated\">\n\t\t\t\t\t\t\t\t<div class=\"elementor-element elementor-element-7e22145f elementor-widget__width-initial elementor-widget elementor-widget-image\" data-id=\"7e22145f\" data-element_type=\"widget\" data-widget_type=\"image.default\">\n\t\t\t\t<div class=\"elementor-widget-container\">\n\t\t\t<style>\/*! elementor - v3.13.1 - 09-05-2023 *\/\n.elementor-widget-image{text-align:center}.elementor-widget-image a{display:inline-block}.elementor-widget-image a img[src$=\".svg\"]{width:48px}.elementor-widget-image img{vertical-align:middle;display:inline-block}<\/style>\t\t\t\t\t\t\t\t\t\t\t\t<img loading=\"lazy\" decoding=\"async\" width=\"2560\" height=\"1708\" src=\"https:\/\/eleon-energy.com\/wp-content\/uploads\/2023\/05\/shutterstock_1377054161-scaled.jpg\" class=\"attachment-full size-full wp-image-1919\" alt=\"\" srcset=\"https:\/\/eleon-energy.com\/wp-content\/uploads\/2023\/05\/shutterstock_1377054161-scaled.jpg 2560w, https:\/\/eleon-energy.com\/wp-content\/uploads\/2023\/05\/shutterstock_1377054161-300x200.jpg 300w, https:\/\/eleon-energy.com\/wp-content\/uploads\/2023\/05\/shutterstock_1377054161-1024x683.jpg 1024w, https:\/\/eleon-energy.com\/wp-content\/uploads\/2023\/05\/shutterstock_1377054161-768x512.jpg 768w, https:\/\/eleon-energy.com\/wp-content\/uploads\/2023\/05\/shutterstock_1377054161-1536x1025.jpg 1536w, https:\/\/eleon-energy.com\/wp-content\/uploads\/2023\/05\/shutterstock_1377054161-2048x1366.jpg 2048w, https:\/\/eleon-energy.com\/wp-content\/uploads\/2023\/05\/shutterstock_1377054161-18x12.jpg 18w\" sizes=\"auto, (max-width: 2560px) 100vw, 2560px\" \/>\t\t\t\t\t\t\t\t\t\t\t\t\t\t\t<\/div>\n\t\t\t\t<\/div>\n\t\t\t\t<section class=\"elementor-section elementor-inner-section elementor-element elementor-element-42461830 elementor-section-boxed elementor-section-height-default elementor-section-height-default\" data-id=\"42461830\" data-element_type=\"section\" data-settings=\"{&quot;background_background&quot;:&quot;classic&quot;}\">\n\t\t\t\t\t\t<div class=\"elementor-container elementor-column-gap-default\">\n\t\t\t\t\t<div class=\"elementor-column elementor-col-100 elementor-inner-column elementor-element elementor-element-4d2bc9b9\" data-id=\"4d2bc9b9\" data-element_type=\"column\">\n\t\t\t<div class=\"elementor-widget-wrap elementor-element-populated\">\n\t\t\t\t\t\t\t\t<div class=\"elementor-element elementor-element-a93ebfc elementor-widget elementor-widget-heading\" data-id=\"a93ebfc\" data-element_type=\"widget\" data-widget_type=\"heading.default\">\n\t\t\t\t<div class=\"elementor-widget-container\">\n\t\t\t<h2 class=\"elementor-heading-title elementor-size-default\">Carier\u0103<\/h2>\t\t<\/div>\n\t\t\t\t<\/div>\n\t\t\t\t\t<\/div>\n\t\t<\/div>\n\t\t\t\t\t\t\t<\/div>\n\t\t<\/section>\n\t\t\t\t\t<\/div>\n\t\t<\/div>\n\t\t\t\t\t\t\t<\/div>\n\t\t<\/section>\n\t\t\t\t<section class=\"elementor-section elementor-top-section elementor-element elementor-element-df325a4 elementor-section-full_width elementor-section-stretched elementor-section-height-default elementor-section-height-default\" data-id=\"df325a4\" data-element_type=\"section\" data-settings=\"{&quot;stretch_section&quot;:&quot;section-stretched&quot;}\">\n\t\t\t\t\t\t<div class=\"elementor-container elementor-column-gap-default\">\n\t\t\t\t\t<div class=\"elementor-column elementor-col-50 elementor-top-column elementor-element elementor-element-7cd46c16\" data-id=\"7cd46c16\" data-element_type=\"column\" data-settings=\"{&quot;background_background&quot;:&quot;classic&quot;}\">\n\t\t\t<div class=\"elementor-widget-wrap elementor-element-populated\">\n\t\t\t\t\t\t\t\t<div class=\"elementor-element elementor-element-8ce64f0 elementor-widget__width-initial elementor-widget elementor-widget-text-editor\" data-id=\"8ce64f0\" data-element_type=\"widget\" data-widget_type=\"text-editor.default\">\n\t\t\t\t<div class=\"elementor-widget-container\">\n\t\t\t<style>\/*! elementor - v3.13.1 - 09-05-2023 *\/\n.elementor-widget-text-editor.elementor-drop-cap-view-stacked .elementor-drop-cap{background-color:#69727d;color:#fff}.elementor-widget-text-editor.elementor-drop-cap-view-framed .elementor-drop-cap{color:#69727d;border:3px solid;background-color:transparent}.elementor-widget-text-editor:not(.elementor-drop-cap-view-default) .elementor-drop-cap{margin-top:8px}.elementor-widget-text-editor:not(.elementor-drop-cap-view-default) .elementor-drop-cap-letter{width:1em;height:1em}.elementor-widget-text-editor .elementor-drop-cap{float:left;text-align:center;line-height:1;font-size:50px}.elementor-widget-text-editor .elementor-drop-cap-letter{display:inline-block}<\/style>\t\t\t\t<b>\u00ce\u021bi place ceea ce facem?\u00a0<\/b>\n<br\/>\n<b>Atunci vino al\u0103turi de noi!<\/b>\n<br\/>\n<span style=\"font-family: var( --e-global-typography-text-font-family ), Sans-serif; font-weight: var( --e-global-typography-text-font-weight );\">Ne plac oamenii care au curajul s\u0103 g\u00e2ndeasc\u0103 diferit \u0219i s\u0103 construiasc\u0103 solu\u021bii la ceea ce este considerat a fi imposibil. Suntem pasiona\u021bi de brainstorming, g\u00e2ndire critic\u0103, idei creative care deschid noi orizonturi pentru o via\u021b\u0103 mai bun\u0103 protej\u00e2nd planeta \u0219i absolut iubim legumele de gr\u0103din\u0103.<\/span>\t\t\t\t\t\t<\/div>\n\t\t\t\t<\/div>\n\t\t\t\t<div class=\"elementor-element elementor-element-76b35ef elementor-widget__width-initial elementor-widget elementor-widget-shortcode\" data-id=\"76b35ef\" data-element_type=\"widget\" data-widget_type=\"shortcode.default\">\n\t\t\t\t<div class=\"elementor-widget-container\">\n\t\t\t\t\t<div class=\"elementor-shortcode\"><div class=\"wpforms-container wpforms-container-full wpforms-render-modern\" id=\"wpforms-3510\"><form id=\"wpforms-form-3510\" class=\"wpforms-validate wpforms-form wpforms-ajax-form\" data-formid=\"3510\" method=\"post\" enctype=\"multipart\/form-data\" action=\"\/ro\/wp-json\/wp\/v2\/pages\/839\" data-token=\"ee5aa504a82b73ee0e3db2cf032e8373\" data-trp-original-action=\"\/ro\/wp-json\/wp\/v2\/pages\/839\"><noscript class=\"wpforms-error-noscript\">Please enable JavaScript in your browser to complete this form.<\/noscript><div class=\"wpforms-hidden\" id=\"wpforms-error-noscript\">Please enable JavaScript in your browser to complete this form.<\/div><div class=\"wpforms-field-container\"><div id=\"wpforms-3510-field_4-container\" class=\"wpforms-field wpforms-field-text\" data-field-id=\"4\"><label class=\"wpforms-field-label\" for=\"wpforms-3510-field_4\">Nume<\/label><input type=\"text\" id=\"wpforms-3510-field_4\" class=\"wpforms-field-large\" name=\"wpforms[fields][4]\" aria-errormessage=\"wpforms-3510-field_4-error\" ><\/div><div id=\"wpforms-3510-field_1-container\" class=\"wpforms-field wpforms-field-email\" data-field-id=\"1\"><label class=\"wpforms-field-label\" for=\"wpforms-3510-field_1\">E-mail <span class=\"wpforms-required-label\" aria-hidden=\"true\">*<\/span><\/label><input type=\"email\" id=\"wpforms-3510-field_1\" class=\"wpforms-field-large wpforms-field-required\" name=\"wpforms[fields][1]\" spellcheck=\"false\" aria-errormessage=\"wpforms-3510-field_1-error\" required><\/div><div id=\"wpforms-3510-field_3-container\" class=\"wpforms-field wpforms-field-text\" data-field-id=\"3\"><label class=\"wpforms-field-label\" for=\"wpforms-3510-field_3\">Telefon <span class=\"wpforms-required-label\" aria-hidden=\"true\">*<\/span><\/label><input type=\"text\" id=\"wpforms-3510-field_3\" class=\"wpforms-field-large wpforms-field-required\" name=\"wpforms[fields][3]\" aria-errormessage=\"wpforms-3510-field_3-error\" required><\/div><div id=\"wpforms-3510-field_5-container\" class=\"wpforms-field wpforms-field-text\" data-field-id=\"5\"><label class=\"wpforms-field-label\" for=\"wpforms-3510-field_5\">Pozi\u021bie<\/label><input type=\"text\" id=\"wpforms-3510-field_5\" class=\"wpforms-field-large\" name=\"wpforms[fields][5]\" aria-errormessage=\"wpforms-3510-field_5-error\" ><\/div><div id=\"wpforms-3510-field_2-container\" class=\"wpforms-field wpforms-field-textarea\" data-field-id=\"2\"><label class=\"wpforms-field-label\" for=\"wpforms-3510-field_2\">Mesaj <span class=\"wpforms-required-label\" aria-hidden=\"true\">*<\/span><\/label><textarea id=\"wpforms-3510-field_2\" class=\"wpforms-field-medium wpforms-field-required\" name=\"wpforms[fields][2]\" aria-errormessage=\"wpforms-3510-field_2-error\" required><\/textarea><\/div><div id=\"wpforms-3510-field_6-container\" class=\"wpforms-field wpforms-field-checkbox\" data-field-id=\"6\"><fieldset><legend class=\"wpforms-field-label wpforms-label-hide\" aria-hidden=\"false\">Checkboxes <span class=\"wpforms-required-label\" aria-hidden=\"true\">*<\/span><\/legend><ul id=\"wpforms-3510-field_6\" class=\"wpforms-field-required\"><li class=\"choice-1 depth-1\"><input type=\"checkbox\" id=\"wpforms-3510-field_6_1\" name=\"wpforms[fields][6][]\" value=\"I have read the privacy policy and I agree to submit my data.\" aria-errormessage=\"wpforms-3510-field_6_1-error\" required><label class=\"wpforms-field-label-inline\" for=\"wpforms-3510-field_6_1\">Am citit politica de confiden\u021bialitate \u0219i sunt de acord s\u0103-mi trimit datele.<\/label><\/li><\/ul><\/fieldset><\/div><\/div><!-- .wpforms-field-container --><div class=\"wpforms-submit-container\" ><input type=\"hidden\" name=\"wpforms[id]\" value=\"3510\"><input type=\"hidden\" name=\"wpforms[author]\" value=\"1\"><button type=\"submit\" name=\"wpforms[submit]\" id=\"wpforms-submit-3510\" class=\"wpforms-submit\" data-alt-text=\"Sending...\" data-submit-text=\"SEND\" aria-live=\"assertive\" value=\"wpforms-submit\">TRIMITE<\/button><img loading=\"lazy\" decoding=\"async\" src=\"https:\/\/eleon-energy.com\/wp-content\/plugins\/wpforms-lite\/assets\/images\/submit-spin.svg\" class=\"wpforms-submit-spinner\" style=\"display: none;\" width=\"26\" height=\"26\" alt=\"Loading\"><\/div><input type=\"hidden\" name=\"trp-form-language\" value=\"ro\"\/><\/form><\/div>  <!-- .wpforms-container --><\/div>\n\t\t\t\t<\/div>\n\t\t\t\t<\/div>\n\t\t\t\t\t<\/div>\n\t\t<\/div>\n\t\t\t\t<div class=\"elementor-column elementor-col-50 elementor-top-column elementor-element elementor-element-492a15a4\" data-id=\"492a15a4\" data-element_type=\"column\" data-settings=\"{&quot;background_background&quot;:&quot;classic&quot;}\">\n\t\t\t<div class=\"elementor-widget-wrap elementor-element-populated\">\n\t\t\t\t\t\t\t\t<div class=\"elementor-element elementor-element-26f03590 elementor-widget__width-initial elementor-widget elementor-widget-heading\" data-id=\"26f03590\" data-element_type=\"widget\" data-widget_type=\"heading.default\">\n\t\t\t\t<div class=\"elementor-widget-container\">\n\t\t\t<h2 class=\"elementor-heading-title elementor-size-default\"><a href=\"https:\/\/eleon-energy.com\/ro\/contact\/\">De asemenea <br\/> ne pute\u021bi g\u0103si aici!<\/a><\/h2>\t\t<\/div>\n\t\t\t\t<\/div>\n\t\t\t\t<div class=\"elementor-element elementor-element-e4cd781 elementor-widget__width-initial elementor-widget elementor-widget-text-editor\" data-id=\"e4cd781\" data-element_type=\"widget\" data-widget_type=\"text-editor.default\">\n\t\t\t\t<div class=\"elementor-widget-container\">\n\t\t\t\t\t\t\t<a href=\"tel: 40 770 381 636\">+40 770 381 636<\/a>\n<br\/>\n<a href=\"tel: 40 769 098 282\">+40 769 098 282<\/a>\n<br\/>\n<a href=\"mailto:helloeleon@eleon-energy.com\">helloeleon@eleon-energy.com<\/a>\t\t\t\t\t\t<\/div>\n\t\t\t\t<\/div>\n\t\t\t\t<div class=\"elementor-element elementor-element-15a8c92 elementor-align-center elementor-mobile-align-center elementor-widget__width-initial elementor-widget elementor-widget-button\" data-id=\"15a8c92\" data-element_type=\"widget\" data-widget_type=\"button.default\">\n\t\t\t\t<div class=\"elementor-widget-container\">\n\t\t\t\t\t<div class=\"elementor-button-wrapper\">\n\t\t\t<a href=\"https:\/\/eleon-energy.com\/ro\/contact\/\" class=\"elementor-button-link elementor-button elementor-size-sm\" role=\"button\">\n\t\t\t\t\t\t<span class=\"elementor-button-content-wrapper\">\n\t\t\t\t\t\t<span class=\"elementor-button-text\">CONTACTEAZ\u0102-NE<\/span>\n\t\t<\/span>\n\t\t\t\t\t<\/a>\n\t\t<\/div>\n\t\t\t\t<\/div>\n\t\t\t\t<\/div>\n\t\t\t\t\t<\/div>\n\t\t<\/div>\n\t\t\t\t\t\t\t<\/div>\n\t\t<\/section>\n\t\t\t\t\t\t\t<\/div>","protected":false},"excerpt":{"rendered":"<p>For Better Use of Earth&#8217;s Water Resources in Agriculture Join us Enjoy what we do?\u00a0 Then join us! We like people that have the courage to think different and build solutions to what is considered to be the impossible. We are passionate about brainstorming, critical thinking, creative ideas that open new horizons for a better<br \/><a class=\"moretag\" href=\"https:\/\/eleon-energy.com\/ro\/join-us\/\">+ Read More<\/a><\/p>","protected":false},"author":1,"featured_media":0,"parent":0,"menu_order":0,"comment_status":"closed","ping_status":"closed","template":"templates\/builder-fullwidth-std.php","meta":{"footnotes":""},"class_list":["post-839","page","type-page","status-publish","hentry"],"yoast_head":"<!-- This site is optimized with the Yoast SEO plugin v20.7 - https:\/\/yoast.com\/wordpress\/plugins\/seo\/ -->\n<title>Join us - Eleon<\/title>\n<meta name=\"robots\" content=\"index, follow, max-snippet:-1, max-image-preview:large, max-video-preview:-1\" \/>\n<link rel=\"canonical\" href=\"https:\/\/eleon-energy.com\/ro\/join-us\/\" \/>\n<meta property=\"og:locale\" content=\"ro_RO\" \/>\n<meta property=\"og:type\" content=\"article\" \/>\n<meta property=\"og:title\" content=\"Join us - Eleon\" \/>\n<meta property=\"og:description\" content=\"For Better Use of Earth&#8217;s Water Resources in Agriculture Join us Enjoy what we do?\u00a0 Then join us! We like people that have the courage to think different and build solutions to what is considered to be the impossible. We are passionate about brainstorming, critical thinking, creative ideas that open new horizons for a better+ Read More\" \/>\n<meta property=\"og:url\" content=\"https:\/\/eleon-energy.com\/ro\/join-us\/\" \/>\n<meta property=\"og:site_name\" content=\"Eleon\" \/>\n<meta property=\"article:modified_time\" content=\"2023-05-24T20:14:49+00:00\" \/>\n<meta property=\"og:image\" content=\"https:\/\/eleon-energy.com\/wp-content\/uploads\/2023\/05\/shutterstock_1377054161-scaled.jpg\" \/>\n<meta name=\"twitter:card\" content=\"summary_large_image\" \/>\n<meta name=\"twitter:label1\" content=\"Timp estimat pentru citire\" \/>\n\t<meta name=\"twitter:data1\" content=\"1 minut\" \/>\n<script type=\"application\/ld+json\" class=\"yoast-schema-graph\">{\"@context\":\"https:\/\/schema.org\",\"@graph\":[{\"@type\":\"WebPage\",\"@id\":\"https:\/\/eleon-energy.com\/join-us\/\",\"url\":\"https:\/\/eleon-energy.com\/join-us\/\",\"name\":\"Join us - Eleon\",\"isPartOf\":{\"@id\":\"https:\/\/eleon-energy.com\/ro\/#website\"},\"datePublished\":\"2023-05-15T19:47:55+00:00\",\"dateModified\":\"2023-05-24T20:14:49+00:00\",\"breadcrumb\":{\"@id\":\"https:\/\/eleon-energy.com\/join-us\/#breadcrumb\"},\"inLanguage\":\"ro-RO\",\"potentialAction\":[{\"@type\":\"ReadAction\",\"target\":[\"https:\/\/eleon-energy.com\/join-us\/\"]}]},{\"@type\":\"BreadcrumbList\",\"@id\":\"https:\/\/eleon-energy.com\/join-us\/#breadcrumb\",\"itemListElement\":[{\"@type\":\"ListItem\",\"position\":1,\"name\":\"Home\",\"item\":\"https:\/\/eleon-energy.com\/\"},{\"@type\":\"ListItem\",\"position\":2,\"name\":\"Join us\"}]},{\"@type\":\"WebSite\",\"@id\":\"https:\/\/eleon-energy.com\/ro\/#website\",\"url\":\"https:\/\/eleon-energy.com\/ro\/\",\"name\":\"Eleon\",\"description\":\"\",\"potentialAction\":[{\"@type\":\"SearchAction\",\"target\":{\"@type\":\"EntryPoint\",\"urlTemplate\":\"https:\/\/eleon-energy.com\/ro\/?s={search_term_string}\"},\"query-input\":\"required name=search_term_string\"}],\"inLanguage\":\"ro-RO\"}]}<\/script>\n<!-- \/ Yoast SEO plugin. -->","yoast_head_json":{"title":"Join us - Eleon","robots":{"index":"index","follow":"follow","max-snippet":"max-snippet:-1","max-image-preview":"max-image-preview:large","max-video-preview":"max-video-preview:-1"},"canonical":"https:\/\/eleon-energy.com\/ro\/join-us\/","og_locale":"ro_RO","og_type":"article","og_title":"Join us - Eleon","og_description":"For Better Use of Earth&#8217;s Water Resources in Agriculture Join us Enjoy what we do?\u00a0 Then join us! We like people that have the courage to think different and build solutions to what is considered to be the impossible. We are passionate about brainstorming, critical thinking, creative ideas that open new horizons for a better+ Read More","og_url":"https:\/\/eleon-energy.com\/ro\/join-us\/","og_site_name":"Eleon","article_modified_time":"2023-05-24T20:14:49+00:00","og_image":[{"url":"https:\/\/eleon-energy.com\/wp-content\/uploads\/2023\/05\/shutterstock_1377054161-scaled.jpg"}],"twitter_card":"summary_large_image","twitter_misc":{"Timp estimat pentru citire":"1 minut"},"schema":{"@context":"https:\/\/schema.org","@graph":[{"@type":"WebPage","@id":"https:\/\/eleon-energy.com\/join-us\/","url":"https:\/\/eleon-energy.com\/join-us\/","name":"Join us - Eleon","isPartOf":{"@id":"https:\/\/eleon-energy.com\/ro\/#website"},"datePublished":"2023-05-15T19:47:55+00:00","dateModified":"2023-05-24T20:14:49+00:00","breadcrumb":{"@id":"https:\/\/eleon-energy.com\/join-us\/#breadcrumb"},"inLanguage":"ro-RO","potentialAction":[{"@type":"ReadAction","target":["https:\/\/eleon-energy.com\/join-us\/"]}]},{"@type":"BreadcrumbList","@id":"https:\/\/eleon-energy.com\/join-us\/#breadcrumb","itemListElement":[{"@type":"ListItem","position":1,"name":"Home","item":"https:\/\/eleon-energy.com\/"},{"@type":"ListItem","position":2,"name":"Join us"}]},{"@type":"WebSite","@id":"https:\/\/eleon-energy.com\/ro\/#website","url":"https:\/\/eleon-energy.com\/ro\/","name":"Eleon","description":"","potentialAction":[{"@type":"SearchAction","target":{"@type":"EntryPoint","urlTemplate":"https:\/\/eleon-energy.com\/ro\/?s={search_term_string}"},"query-input":"required name=search_term_string"}],"inLanguage":"ro-RO"}]}},"_links":{"self":[{"href":"https:\/\/eleon-energy.com\/ro\/wp-json\/wp\/v2\/pages\/839","targetHints":{"allow":["GET"]}}],"collection":[{"href":"https:\/\/eleon-energy.com\/ro\/wp-json\/wp\/v2\/pages"}],"about":[{"href":"https:\/\/eleon-energy.com\/ro\/wp-json\/wp\/v2\/types\/page"}],"author":[{"embeddable":true,"href":"https:\/\/eleon-energy.com\/ro\/wp-json\/wp\/v2\/users\/1"}],"replies":[{"embeddable":true,"href":"https:\/\/eleon-energy.com\/ro\/wp-json\/wp\/v2\/comments?post=839"}],"version-history":[{"count":481,"href":"https:\/\/eleon-energy.com\/ro\/wp-json\/wp\/v2\/pages\/839\/revisions"}],"predecessor-version":[{"id":3953,"href":"https:\/\/eleon-energy.com\/ro\/wp-json\/wp\/v2\/pages\/839\/revisions\/3953"}],"wp:attachment":[{"href":"https:\/\/eleon-energy.com\/ro\/wp-json\/wp\/v2\/media?parent=839"}],"curies":[{"name":"wp","href":"https:\/\/api.w.org\/{rel}","templated":true}]}}