{"id":555,"date":"2023-05-10T10:07:43","date_gmt":"2023-05-10T10:07:43","guid":{"rendered":"https:\/\/eleon-energy.com\/?page_id=555"},"modified":"2023-05-21T14:01:33","modified_gmt":"2023-05-21T14:01:33","slug":"privacy-policy","status":"publish","type":"page","link":"https:\/\/eleon-energy.com\/ro\/privacy-policy\/","title":{"rendered":"Politica de confiden\u021bialitate"},"content":{"rendered":"<div data-elementor-type=\"wp-page\" data-elementor-id=\"555\" class=\"elementor elementor-555\">\n\t\t\t\t\t\t\t\t\t<section class=\"elementor-section elementor-top-section elementor-element elementor-element-59bb19 elementor-section-boxed elementor-section-height-default elementor-section-height-default\" data-id=\"59bb19\" data-element_type=\"section\" data-settings=\"{&quot;background_background&quot;:&quot;classic&quot;,&quot;xpro_backdrop_filter&quot;:&quot;yes&quot;}\">\n\t\t\t\t\t\t<div class=\"elementor-container elementor-column-gap-default\">\n\t\t\t\t\t<div class=\"elementor-column elementor-col-100 elementor-top-column elementor-element elementor-element-37dd2bcd\" data-id=\"37dd2bcd\" data-element_type=\"column\">\n\t\t\t<div class=\"elementor-widget-wrap elementor-element-populated\">\n\t\t\t\t\t\t\t\t<div class=\"elementor-element elementor-element-24eccd38 elementor-widget elementor-widget-text-editor\" data-id=\"24eccd38\" data-element_type=\"widget\" data-widget_type=\"text-editor.default\">\n\t\t\t\t<div class=\"elementor-widget-container\">\n\t\t\t<style>\/*! elementor - v3.13.1 - 09-05-2023 *\/\n.elementor-widget-text-editor.elementor-drop-cap-view-stacked .elementor-drop-cap{background-color:#69727d;color:#fff}.elementor-widget-text-editor.elementor-drop-cap-view-framed .elementor-drop-cap{color:#69727d;border:3px solid;background-color:transparent}.elementor-widget-text-editor:not(.elementor-drop-cap-view-default) .elementor-drop-cap{margin-top:8px}.elementor-widget-text-editor:not(.elementor-drop-cap-view-default) .elementor-drop-cap-letter{width:1em;height:1em}.elementor-widget-text-editor .elementor-drop-cap{float:left;text-align:center;line-height:1;font-size:50px}.elementor-widget-text-editor .elementor-drop-cap-letter{display:inline-block}<\/style>\t\t\t\t<h3><b>Cine suntem<\/b><\/h3><div><b><br><\/b><\/div>\n<p class=\"p1\">Adresa site-ului nostru web este: https:\/\/eleon-energy.com<\/p>\n<h3 class=\"p1\"><b>Ce date personale colect\u0103m \u0219i de ce le colect\u0103m?<\/b><\/h3><div><b><br><\/b><\/div>\n<p class=\"p1\">Comentarii<\/p>\n<p class=\"p1\">C\u00e2nd vizitatorii las\u0103 comentarii pe site, colect\u0103m datele afi\u0219ate \u00een formularul de comentarii, precum \u0219i adresa IP a vizitatorului \u0219i \u0219irul de agent de utilizator al browserului pentru a ajuta la detectarea spam-ului.<\/p>\n<p class=\"p1\">Un \u0219ir anonim creat de la adresa dvs. de e-mail (numit \u0219i hash) poate fi furnizat serviciului Gravatar pentru a vedea dac\u0103 \u00eel utiliza\u021bi. Politica de confiden\u021bialitate a serviciului Gravatar este disponibil\u0103 aici: https:\/\/automattic.com\/privacy\/. Dup\u0103 aprobarea comentariului dvs., fotografia dvs. de profil este vizibil\u0103 publicului \u00een contextul comentariului dvs.<\/p>\n<h3 class=\"p1\"><b>Media<\/b><\/h3><div><b><br><\/b><\/div>\n<p class=\"p1\">Dac\u0103 \u00eenc\u0103rca\u021bi imagini pe site-ul web, ar trebui s\u0103 evita\u021bi s\u0103 \u00eenc\u0103rca\u021bi imagini cu date de loca\u021bie \u00eencorporate (EXIF GPS) incluse. Vizitatorii site-ului web pot desc\u0103rca \u0219i extrage orice date despre loca\u021bie din imaginile de pe site.<\/p>\n<h3 class=\"p1\"><b>Formulare de contact<\/b><\/h3><div><b><br><\/b><\/div>\n<p class=\"p1\">Formularele de contact sunt utilizate a\u0219a cum este descris mai jos \u00een sec\u021biunea \u201eInforma\u021biile dvs. de contact\u201d. Toate datele sunt folosite doar pentru a v\u0103 contacta \u0219i nu sunt v\u00e2ndute sau distribuite c\u0103tre ter\u021bi. Folosim datele numai dup\u0103 ce a\u021bi acceptat termenii no\u0219tri de utilizare a site-ului web.<\/p>\n<h3 class=\"p1\"><b>Cookie-uri<\/b><\/h3><div><b><br><\/b><\/div>\n<p class=\"p3\">Dac\u0103 l\u0103sa\u021bi un comentariu pe site-ul nostru, pute\u021bi opta pentru salvarea numelui, a adresei de e-mail \u0219i a site-ului web \u00een cookie-uri. Acestea sunt pentru comoditatea dumneavoastr\u0103, astfel \u00eenc\u00e2t s\u0103 nu fie nevoie s\u0103 v\u0103 completa\u021bi din nou datele c\u00e2nd l\u0103sa\u021bi un alt comentariu. Aceste cookie-uri vor dura un an.<\/p>\n<p class=\"p3\">Dac\u0103 ave\u021bi un cont \u0219i v\u0103 conecta\u021bi la acest site, vom seta un cookie temporar pentru a determina dac\u0103 browserul dumneavoastr\u0103 accept\u0103 cookie-uri. Acest cookie nu con\u021bine date personale \u0219i este eliminat atunci c\u00e2nd \u00eenchide\u021bi browserul.<\/p>\n<p class=\"p3\">C\u00e2nd v\u0103 conecta\u021bi, vom configura \u0219i c\u00e2teva module cookie pentru a v\u0103 salva informa\u021biile de conectare \u0219i op\u021biunile de afi\u0219are a ecranului. Cookie-urile de conectare dureaz\u0103 dou\u0103 zile, iar modulele cookie de op\u021biuni de ecran dureaz\u0103 un an. Dac\u0103 selecta\u021bi \u201e\u021aine\u021bi minte\u201d, autentificarea dvs. va persista timp de dou\u0103 s\u0103pt\u0103m\u00e2ni. Dac\u0103 v\u0103 deconecta\u021bi de la contul dvs., cookie-urile de conectare vor fi eliminate.<\/p>\n<p class=\"p3\">Dac\u0103 edita\u021bi sau publica\u021bi un articol, un cookie suplimentar va fi salvat \u00een browser. Acest cookie nu include date personale \u0219i indic\u0103 pur \u0219i simplu ID-ul post\u0103rii articolului pe care tocmai l-a\u021bi editat. Expir\u0103 dup\u0103 1 zi.<\/p>\n<h3 class=\"p1\"><b>Con\u021binut \u00eencorporat de pe alte site-uri web<\/b><\/h3><div><b><br><\/b><\/div>\n<p class=\"p3\">Articolele de pe acest site pot include con\u021binut \u00eencorporat (de exemplu, videoclipuri, imagini, articole etc.). Con\u021binutul \u00eencorporat de pe alte site-uri web se comport\u0103 exact \u00een acela\u0219i mod ca \u0219i cum vizitatorul ar fi vizitat cel\u0103lalt site web.<\/p>\n<p class=\"p3\">Aceste site-uri web pot colecta date despre dvs., pot folosi cookie-uri, pot \u00eencorpora urm\u0103rire suplimentar\u0103 de la ter\u021bi \u0219i v\u0103 pot monitoriza interac\u021biunea cu acel con\u021binut \u00eencorporat, inclusiv urm\u0103rirea interac\u021biunii dvs. cu con\u021binutul \u00eencorporat dac\u0103 ave\u021bi un cont \u0219i sunte\u021bi conectat la acel site web.<\/p>\n<h3 class=\"p1\"><b>Analytics<\/b><\/h3>\n<div><b><br><\/b><\/div>\n<h3 class=\"p1\"><b>Cu cine \u00eemp\u0103rt\u0103\u0219im datele dvs<\/b><\/h3><div><b><br><\/b><\/div>\n<p class=\"p3\">Singurul serviciu care are acces la datele dvs. este Google Analytics. Ca parte a acestui site, Google urm\u0103re\u0219te \u021bara din care a\u021bi accesat acest site \u0219i ora. Nu se folosesc date comerciale.<\/p>\n<h3 class=\"p1\"><b>C\u00e2t timp p\u0103str\u0103m datele dumneavoastr\u0103<\/b><\/h3><div><b><br><\/b><\/div>\n<p class=\"p3\">Dac\u0103 l\u0103sa\u021bi un comentariu, comentariul \u0219i metadatele sale sunt p\u0103strate pe termen nelimitat. Acest lucru este astfel \u00eenc\u00e2t s\u0103 putem recunoa\u0219te \u0219i aproba automat orice comentarii ulterioare, \u00een loc s\u0103 le \u021binem \u00eentr-o coad\u0103 de moderare.<\/p>\n<p class=\"p1\">Pentru utilizatorii care se \u00eenregistreaz\u0103 pe site-ul nostru web (dac\u0103 exist\u0103), stoc\u0103m \u0219i informa\u021biile personale pe care le furnizeaz\u0103 \u00een profilul lor de utilizator. To\u021bi utilizatorii \u00ee\u0219i pot vedea, edita sau \u0219terge informa\u021biile personale \u00een orice moment (cu excep\u021bia faptului c\u0103 nu \u00ee\u0219i pot schimba numele de utilizator). Administratorii site-urilor web pot, de asemenea, s\u0103 vad\u0103 \u0219i s\u0103 editeze aceste informa\u021bii.<\/p>\n<h3 class=\"p1\"><b>Ce drepturi ave\u021bi asupra datelor dvs<\/b><\/h3><div><b><br><\/b><\/div>\n<p class=\"p3\">Dac\u0103 ave\u021bi un cont pe acest site sau a\u021bi l\u0103sat comentarii, pute\u021bi solicita s\u0103 primi\u021bi un fi\u0219ier exportat cu datele personale pe care le de\u021binem despre dvs., inclusiv orice date pe care ni le-a\u021bi furnizat. De asemenea, pute\u021bi solicita s\u0103 \u0219tergem toate datele personale pe care le de\u021binem despre dumneavoastr\u0103. Aceasta nu include datele pe care suntem obliga\u021bi s\u0103 le p\u0103str\u0103m \u00een scopuri administrative, legale sau de securitate.<\/p>\n<h3 class=\"p1\"><b>Unde v\u0103 trimitem datele<\/b><\/h3><div><b><br><\/b><\/div>\n<p class=\"p3\">Comentariile vizitatorilor pot fi verificate printr-un serviciu automat de detectare a spam-ului.<\/p>\n<h3 class=\"p1\"><b>Informatia ta de contact<\/b><\/h3><div><b><br><\/b><\/div>\n<p class=\"p3\">Atunci c\u00e2nd ne contacta\u021bi folosind unul dintre formularele disponibile pe site-ul web (\u201eContacta\u021bi-ne\u201d, \u201eCarier\u0103\u201d), nu sunt v\u00e2ndute sau utilizate date \u00een scopuri de marketing. V\u0103 asigur\u0103m c\u0103 folosim datele pe care le furniza\u021bi doar pentru a v\u0103 contacta dup\u0103 ce ne-a\u021bi contactat folosind unul dintre formularele disponibile. \u00cen cazul \u00een care decide\u021bi s\u0103 utiliza\u021bi op\u021biunea de abonare la newsletter, v\u0103 vom stoca e-mailul doar \u00eentr-o baz\u0103 de date necomercial\u0103, astfel \u00eenc\u00e2t s\u0103 \u0219tim unde s\u0103 trimitem \u0219tirile.<\/p>\n<h3 class=\"p1\"><b>Informa\u021bii suplimentare<\/b><\/h3><div><b><br><\/b><\/div>\n<p class=\"p3\">Statistici agregate<\/p>\n<p class=\"p3\">Eleon Energy Systems poate colecta statistici despre comportamentul vizitatorilor site-ului s\u0103u. Eleon Energy Systems poate afi\u0219a aceste informa\u021bii \u00een mod public sau le poate furniza altora. Cu toate acestea, Eleon Energy Systems nu dezv\u0103luie informa\u021biile dvs. de identificare personal\u0103.<\/p>\n<h3 class=\"p1\"><b>Cum v\u0103 protej\u0103m datele<\/b><\/h3><div><b><br><\/b><\/div>\n<p class=\"p3\">Ne asigur\u0103m c\u0103 datele dumneavoastr\u0103 sunt \u00een siguran\u021b\u0103 prin scanarea automat\u0103 a bazelor de date \u0219i a fi\u0219ierelor site-ului nostru. \u00cen cazul \u00een care este detectat\u0103 o \u00eenc\u0103lcare, ve\u021bi fi informat \u0219i toate datele pe care le avem vor fi \u0219terse, astfel \u00eenc\u00e2t s\u0103 oprim propagarea \u00eenc\u0103lc\u0103rii.<\/p>\n<h3 class=\"p1\"><b>Ce proceduri de \u00eenc\u0103lcare a datelor avem \u00een vigoare<\/b><\/h3><div><b><br><\/b><\/div>\n<p class=\"p3\">Site-ul nostru este protejat \u00eempotriva atacurilor \u00eencruci\u0219ate, a inject\u0103rilor SQL, a programelor malware \u0219i a tuturor tipurilor de redirec\u021bion\u0103ri. Dorim s\u0103 ne asigur\u0103m c\u0103 Eleon Energy Systems este un loc sigur pentru a naviga.<\/p>\t\t\t\t\t\t<\/div>\n\t\t\t\t<\/div>\n\t\t\t\t\t<\/div>\n\t\t<\/div>\n\t\t\t\t\t\t\t<\/div>\n\t\t<\/section>\n\t\t\t\t\t\t\t<\/div>","protected":false},"excerpt":{"rendered":"<p>Who we are Our website address is: https:\/\/eleon-energy.com What personal data we collect and why we collect it Comments When visitors leave comments on the site, we collect the data shown in the comments form, and also the visitor\u2019s IP address and browser user agent string to help spam detection. An anonymized string created from<br \/><a class=\"moretag\" href=\"https:\/\/eleon-energy.com\/ro\/privacy-policy\/\">+ Read More<\/a><\/p>","protected":false},"author":1,"featured_media":0,"parent":0,"menu_order":0,"comment_status":"closed","ping_status":"closed","template":"templates\/page-builder.php","meta":{"footnotes":""},"class_list":["post-555","page","type-page","status-publish","hentry"],"yoast_head":"<!-- This site is optimized with the Yoast SEO plugin v20.7 - https:\/\/yoast.com\/wordpress\/plugins\/seo\/ -->\n<title>Privacy Policy - Eleon<\/title>\n<meta name=\"robots\" content=\"index, follow, max-snippet:-1, max-image-preview:large, max-video-preview:-1\" \/>\n<link rel=\"canonical\" href=\"https:\/\/eleon-energy.com\/ro\/privacy-policy\/\" \/>\n<meta property=\"og:locale\" content=\"ro_RO\" \/>\n<meta property=\"og:type\" content=\"article\" \/>\n<meta property=\"og:title\" content=\"Privacy Policy - Eleon\" \/>\n<meta property=\"og:description\" content=\"Who we are Our website address is: https:\/\/eleon-energy.com What personal data we collect and why we collect it Comments When visitors leave comments on the site, we collect the data shown in the comments form, and also the visitor\u2019s IP address and browser user agent string to help spam detection. An anonymized string created from+ Read More\" \/>\n<meta property=\"og:url\" content=\"https:\/\/eleon-energy.com\/ro\/privacy-policy\/\" \/>\n<meta property=\"og:site_name\" content=\"Eleon\" \/>\n<meta property=\"article:modified_time\" content=\"2023-05-21T14:01:33+00:00\" \/>\n<meta name=\"twitter:card\" content=\"summary_large_image\" \/>\n<meta name=\"twitter:label1\" content=\"Timp estimat pentru citire\" \/>\n\t<meta name=\"twitter:data1\" content=\"4 minute\" \/>\n<script type=\"application\/ld+json\" class=\"yoast-schema-graph\">{\"@context\":\"https:\/\/schema.org\",\"@graph\":[{\"@type\":\"WebPage\",\"@id\":\"https:\/\/eleon-energy.com\/privacy-policy\/\",\"url\":\"https:\/\/eleon-energy.com\/privacy-policy\/\",\"name\":\"Privacy Policy - Eleon\",\"isPartOf\":{\"@id\":\"https:\/\/eleon-energy.com\/ro\/#website\"},\"datePublished\":\"2023-05-10T10:07:43+00:00\",\"dateModified\":\"2023-05-21T14:01:33+00:00\",\"breadcrumb\":{\"@id\":\"https:\/\/eleon-energy.com\/privacy-policy\/#breadcrumb\"},\"inLanguage\":\"ro-RO\",\"potentialAction\":[{\"@type\":\"ReadAction\",\"target\":[\"https:\/\/eleon-energy.com\/privacy-policy\/\"]}]},{\"@type\":\"BreadcrumbList\",\"@id\":\"https:\/\/eleon-energy.com\/privacy-policy\/#breadcrumb\",\"itemListElement\":[{\"@type\":\"ListItem\",\"position\":1,\"name\":\"Home\",\"item\":\"https:\/\/eleon-energy.com\/\"},{\"@type\":\"ListItem\",\"position\":2,\"name\":\"Privacy Policy\"}]},{\"@type\":\"WebSite\",\"@id\":\"https:\/\/eleon-energy.com\/ro\/#website\",\"url\":\"https:\/\/eleon-energy.com\/ro\/\",\"name\":\"Eleon\",\"description\":\"\",\"potentialAction\":[{\"@type\":\"SearchAction\",\"target\":{\"@type\":\"EntryPoint\",\"urlTemplate\":\"https:\/\/eleon-energy.com\/ro\/?s={search_term_string}\"},\"query-input\":\"required name=search_term_string\"}],\"inLanguage\":\"ro-RO\"}]}<\/script>\n<!-- \/ Yoast SEO plugin. -->","yoast_head_json":{"title":"Privacy Policy - Eleon","robots":{"index":"index","follow":"follow","max-snippet":"max-snippet:-1","max-image-preview":"max-image-preview:large","max-video-preview":"max-video-preview:-1"},"canonical":"https:\/\/eleon-energy.com\/ro\/privacy-policy\/","og_locale":"ro_RO","og_type":"article","og_title":"Privacy Policy - Eleon","og_description":"Who we are Our website address is: https:\/\/eleon-energy.com What personal data we collect and why we collect it Comments When visitors leave comments on the site, we collect the data shown in the comments form, and also the visitor\u2019s IP address and browser user agent string to help spam detection. An anonymized string created from+ Read More","og_url":"https:\/\/eleon-energy.com\/ro\/privacy-policy\/","og_site_name":"Eleon","article_modified_time":"2023-05-21T14:01:33+00:00","twitter_card":"summary_large_image","twitter_misc":{"Timp estimat pentru citire":"4 minute"},"schema":{"@context":"https:\/\/schema.org","@graph":[{"@type":"WebPage","@id":"https:\/\/eleon-energy.com\/privacy-policy\/","url":"https:\/\/eleon-energy.com\/privacy-policy\/","name":"Privacy Policy - Eleon","isPartOf":{"@id":"https:\/\/eleon-energy.com\/ro\/#website"},"datePublished":"2023-05-10T10:07:43+00:00","dateModified":"2023-05-21T14:01:33+00:00","breadcrumb":{"@id":"https:\/\/eleon-energy.com\/privacy-policy\/#breadcrumb"},"inLanguage":"ro-RO","potentialAction":[{"@type":"ReadAction","target":["https:\/\/eleon-energy.com\/privacy-policy\/"]}]},{"@type":"BreadcrumbList","@id":"https:\/\/eleon-energy.com\/privacy-policy\/#breadcrumb","itemListElement":[{"@type":"ListItem","position":1,"name":"Home","item":"https:\/\/eleon-energy.com\/"},{"@type":"ListItem","position":2,"name":"Privacy Policy"}]},{"@type":"WebSite","@id":"https:\/\/eleon-energy.com\/ro\/#website","url":"https:\/\/eleon-energy.com\/ro\/","name":"Eleon","description":"","potentialAction":[{"@type":"SearchAction","target":{"@type":"EntryPoint","urlTemplate":"https:\/\/eleon-energy.com\/ro\/?s={search_term_string}"},"query-input":"required name=search_term_string"}],"inLanguage":"ro-RO"}]}},"_links":{"self":[{"href":"https:\/\/eleon-energy.com\/ro\/wp-json\/wp\/v2\/pages\/555","targetHints":{"allow":["GET"]}}],"collection":[{"href":"https:\/\/eleon-energy.com\/ro\/wp-json\/wp\/v2\/pages"}],"about":[{"href":"https:\/\/eleon-energy.com\/ro\/wp-json\/wp\/v2\/types\/page"}],"author":[{"embeddable":true,"href":"https:\/\/eleon-energy.com\/ro\/wp-json\/wp\/v2\/users\/1"}],"replies":[{"embeddable":true,"href":"https:\/\/eleon-energy.com\/ro\/wp-json\/wp\/v2\/comments?post=555"}],"version-history":[{"count":73,"href":"https:\/\/eleon-energy.com\/ro\/wp-json\/wp\/v2\/pages\/555\/revisions"}],"predecessor-version":[{"id":3620,"href":"https:\/\/eleon-energy.com\/ro\/wp-json\/wp\/v2\/pages\/555\/revisions\/3620"}],"wp:attachment":[{"href":"https:\/\/eleon-energy.com\/ro\/wp-json\/wp\/v2\/media?parent=555"}],"curies":[{"name":"wp","href":"https:\/\/api.w.org\/{rel}","templated":true}]}}