{"id":1250,"date":"2023-05-16T08:54:15","date_gmt":"2023-05-16T08:54:15","guid":{"rendered":"https:\/\/eleon-energy.com\/?page_id=1250"},"modified":"2023-05-24T20:16:16","modified_gmt":"2023-05-24T20:16:16","slug":"contact","status":"publish","type":"page","link":"https:\/\/eleon-energy.com\/ro\/contact\/","title":{"rendered":"Contact"},"content":{"rendered":"<div data-elementor-type=\"wp-page\" data-elementor-id=\"1250\" class=\"elementor elementor-1250\">\n\t\t\t\t\t\t\t\t\t<section class=\"elementor-section elementor-top-section elementor-element elementor-element-67699d0 elementor-section-stretched elementor-section-height-min-height elementor-section-boxed elementor-section-height-default elementor-section-items-middle\" data-id=\"67699d0\" data-element_type=\"section\" data-settings=\"{&quot;background_background&quot;:&quot;gradient&quot;,&quot;stretch_section&quot;:&quot;section-stretched&quot;}\">\n\t\t\t\t\t\t<div class=\"elementor-container elementor-column-gap-default\">\n\t\t\t\t\t<div class=\"elementor-column elementor-col-100 elementor-top-column elementor-element elementor-element-a0f8e14 skt-ecology-section14-left\" data-id=\"a0f8e14\" data-element_type=\"column\">\n\t\t\t<div class=\"elementor-widget-wrap elementor-element-populated\">\n\t\t\t\t\t\t\t\t<div class=\"elementor-element elementor-element-ac0e1d9 elementor-widget elementor-widget-heading\" data-id=\"ac0e1d9\" data-element_type=\"widget\" data-widget_type=\"heading.default\">\n\t\t\t\t<div class=\"elementor-widget-container\">\n\t\t\t<style>\/*! elementor - v3.13.1 - 09-05-2023 *\/\n.elementor-heading-title{padding:0;margin:0;line-height:1}.elementor-widget-heading .elementor-heading-title[class*=elementor-size-]>a{color:inherit;font-size:inherit;line-height:inherit}.elementor-widget-heading .elementor-heading-title.elementor-size-small{font-size:15px}.elementor-widget-heading .elementor-heading-title.elementor-size-medium{font-size:19px}.elementor-widget-heading .elementor-heading-title.elementor-size-large{font-size:29px}.elementor-widget-heading .elementor-heading-title.elementor-size-xl{font-size:39px}.elementor-widget-heading .elementor-heading-title.elementor-size-xxl{font-size:59px}<\/style><h2 class=\"elementor-heading-title elementor-size-default\">Contact<\/h2>\t\t<\/div>\n\t\t\t\t<\/div>\n\t\t\t\t\t<\/div>\n\t\t<\/div>\n\t\t\t\t\t\t\t<\/div>\n\t\t<\/section>\n\t\t\t\t<section class=\"elementor-section elementor-top-section elementor-element elementor-element-df325a4 elementor-section-boxed elementor-section-height-default elementor-section-height-default\" data-id=\"df325a4\" data-element_type=\"section\" data-settings=\"{&quot;background_background&quot;:&quot;gradient&quot;}\">\n\t\t\t\t\t\t<div class=\"elementor-container elementor-column-gap-default\">\n\t\t\t\t\t<div class=\"elementor-column elementor-col-33 elementor-top-column elementor-element elementor-element-7cd46c16 skt-ecology-section14-left\" data-id=\"7cd46c16\" data-element_type=\"column\">\n\t\t\t<div class=\"elementor-widget-wrap elementor-element-populated\">\n\t\t\t\t\t\t\t\t<div class=\"elementor-element elementor-element-2d966bb elementor-widget__width-initial elementor-widget elementor-widget-heading\" data-id=\"2d966bb\" data-element_type=\"widget\" data-widget_type=\"heading.default\">\n\t\t\t\t<div class=\"elementor-widget-container\">\n\t\t\t<h2 class=\"elementor-heading-title elementor-size-default\">Ave\u021bi \u00eentreb\u0103ri?<\/h2>\t\t<\/div>\n\t\t\t\t<\/div>\n\t\t\t\t<div class=\"elementor-element elementor-element-8326f31 elementor-widget__width-initial elementor-widget elementor-widget-heading\" data-id=\"8326f31\" data-element_type=\"widget\" data-widget_type=\"heading.default\">\n\t\t\t\t<div class=\"elementor-widget-container\">\n\t\t\t<h2 class=\"elementor-heading-title elementor-size-default\">Contacta\u021bi-ne!\n<\/h2>\t\t<\/div>\n\t\t\t\t<\/div>\n\t\t\t\t<div class=\"elementor-element elementor-element-e4cd781 elementor-widget__width-initial elementor-widget elementor-widget-text-editor\" data-id=\"e4cd781\" data-element_type=\"widget\" data-widget_type=\"text-editor.default\">\n\t\t\t\t<div class=\"elementor-widget-container\">\n\t\t\t<style>\/*! elementor - v3.13.1 - 09-05-2023 *\/\n.elementor-widget-text-editor.elementor-drop-cap-view-stacked .elementor-drop-cap{background-color:#69727d;color:#fff}.elementor-widget-text-editor.elementor-drop-cap-view-framed .elementor-drop-cap{color:#69727d;border:3px solid;background-color:transparent}.elementor-widget-text-editor:not(.elementor-drop-cap-view-default) .elementor-drop-cap{margin-top:8px}.elementor-widget-text-editor:not(.elementor-drop-cap-view-default) .elementor-drop-cap-letter{width:1em;height:1em}.elementor-widget-text-editor .elementor-drop-cap{float:left;text-align:center;line-height:1;font-size:50px}.elementor-widget-text-editor .elementor-drop-cap-letter{display:inline-block}<\/style>\t\t\t\t<p class=\"p1\">Dac\u0103 dori\u021bi s\u0103 afla\u021bi mai multe despre Eleon, completa\u021bi formularul \u0219i vom fi bucuro\u0219i s\u0103 v\u0103 \u00eemp\u0103rt\u0103\u0219im viziunea noastr\u0103 asupra energiei regenerabile de m\u00e2ine.<\/p><p class=\"p1\">Ne-ar face pl\u0103cere s\u0103 auzim p\u0103rerea ta!<\/p>\t\t\t\t\t\t<\/div>\n\t\t\t\t<\/div>\n\t\t\t\t<div class=\"elementor-element elementor-element-76b35ef elementor-widget__width-initial elementor-widget elementor-widget-shortcode\" data-id=\"76b35ef\" data-element_type=\"widget\" data-widget_type=\"shortcode.default\">\n\t\t\t\t<div class=\"elementor-widget-container\">\n\t\t\t\t\t<div class=\"elementor-shortcode\"><div class=\"wpforms-container wpforms-container-full wpforms-render-modern\" id=\"wpforms-3496\"><form id=\"wpforms-form-3496\" class=\"wpforms-validate wpforms-form wpforms-ajax-form\" data-formid=\"3496\" method=\"post\" enctype=\"multipart\/form-data\" action=\"\/ro\/wp-json\/wp\/v2\/pages\/1250\" data-token=\"3c5eaa6171d7bb89db490064ab76e3e0\" data-trp-original-action=\"\/ro\/wp-json\/wp\/v2\/pages\/1250\"><noscript class=\"wpforms-error-noscript\">Please enable JavaScript in your browser to complete this form.<\/noscript><div class=\"wpforms-hidden\" id=\"wpforms-error-noscript\">Please enable JavaScript in your browser to complete this form.<\/div><div class=\"wpforms-field-container\"><div id=\"wpforms-3496-field_6-container\" class=\"wpforms-field wpforms-field-text\" data-field-id=\"6\"><label class=\"wpforms-field-label\" for=\"wpforms-3496-field_6\">Nume <span class=\"wpforms-required-label\" aria-hidden=\"true\">*<\/span><\/label><input type=\"text\" id=\"wpforms-3496-field_6\" class=\"wpforms-field-large wpforms-field-required\" name=\"wpforms[fields][6]\" aria-errormessage=\"wpforms-3496-field_6-error\" required><\/div><div id=\"wpforms-3496-field_1-container\" class=\"wpforms-field wpforms-field-email\" data-field-id=\"1\"><label class=\"wpforms-field-label\" for=\"wpforms-3496-field_1\">Business E-mail <span class=\"wpforms-required-label\" aria-hidden=\"true\">*<\/span><\/label><input type=\"email\" id=\"wpforms-3496-field_1\" class=\"wpforms-field-large wpforms-field-required\" name=\"wpforms[fields][1]\" spellcheck=\"false\" aria-errormessage=\"wpforms-3496-field_1-error\" required><\/div><div id=\"wpforms-3496-field_4-container\" class=\"wpforms-field wpforms-field-text\" data-field-id=\"4\"><label class=\"wpforms-field-label\" for=\"wpforms-3496-field_4\">Companie<\/label><input type=\"text\" id=\"wpforms-3496-field_4\" class=\"wpforms-field-large\" name=\"wpforms[fields][4]\" aria-errormessage=\"wpforms-3496-field_4-error\" ><\/div><div id=\"wpforms-3496-field_5-container\" class=\"wpforms-field wpforms-field-text\" data-field-id=\"5\"><label class=\"wpforms-field-label\" for=\"wpforms-3496-field_5\">Subiect <span class=\"wpforms-required-label\" aria-hidden=\"true\">*<\/span><\/label><input type=\"text\" id=\"wpforms-3496-field_5\" class=\"wpforms-field-large wpforms-field-required\" name=\"wpforms[fields][5]\" aria-errormessage=\"wpforms-3496-field_5-error\" required><\/div><div id=\"wpforms-3496-field_2-container\" class=\"wpforms-field wpforms-field-textarea\" data-field-id=\"2\"><label class=\"wpforms-field-label\" for=\"wpforms-3496-field_2\">Mesaj<\/label><textarea id=\"wpforms-3496-field_2\" class=\"wpforms-field-medium\" name=\"wpforms[fields][2]\" aria-errormessage=\"wpforms-3496-field_2-error\" ><\/textarea><\/div><div id=\"wpforms-3496-field_7-container\" class=\"wpforms-field wpforms-field-checkbox\" data-field-id=\"7\"><fieldset><legend class=\"wpforms-field-label wpforms-label-hide\" aria-hidden=\"false\"> <span class=\"wpforms-required-label\" aria-hidden=\"true\">*<\/span><\/legend><ul id=\"wpforms-3496-field_7\" class=\"wpforms-field-required\"><li class=\"choice-1 depth-1\"><input type=\"checkbox\" id=\"wpforms-3496-field_7_1\" name=\"wpforms[fields][7][]\" value=\"I have read the privacy policy and I agree to submit my data.\" aria-errormessage=\"wpforms-3496-field_7_1-error\" required><label class=\"wpforms-field-label-inline\" for=\"wpforms-3496-field_7_1\">Am citit politica de confiden\u021bialitate \u0219i sunt de acord s\u0103-mi trimit datele.<\/label><\/li><\/ul><\/fieldset><\/div><\/div><!-- .wpforms-field-container --><div class=\"wpforms-submit-container\" ><input type=\"hidden\" name=\"wpforms[id]\" value=\"3496\"><input type=\"hidden\" name=\"wpforms[author]\" value=\"1\"><button type=\"submit\" name=\"wpforms[submit]\" id=\"wpforms-submit-3496\" class=\"wpforms-submit\" data-alt-text=\"Sending...\" data-submit-text=\"SEND\" aria-live=\"assertive\" value=\"wpforms-submit\">TRIMITE<\/button><img loading=\"lazy\" decoding=\"async\" src=\"https:\/\/eleon-energy.com\/wp-content\/plugins\/wpforms-lite\/assets\/images\/submit-spin.svg\" class=\"wpforms-submit-spinner\" style=\"display: none;\" width=\"26\" height=\"26\" alt=\"Loading\"><\/div><input type=\"hidden\" name=\"trp-form-language\" value=\"ro\"\/><\/form><\/div>  <!-- .wpforms-container --><\/div>\n\t\t\t\t<\/div>\n\t\t\t\t<\/div>\n\t\t\t\t\t<\/div>\n\t\t<\/div>\n\t\t\t\t<div class=\"elementor-column elementor-col-33 elementor-top-column elementor-element elementor-element-492a15a4 skt-ecology-section14-right\" data-id=\"492a15a4\" data-element_type=\"column\">\n\t\t\t<div class=\"elementor-widget-wrap\">\n\t\t\t\t\t\t\t\t\t<\/div>\n\t\t<\/div>\n\t\t\t\t<div class=\"elementor-column elementor-col-33 elementor-top-column elementor-element elementor-element-f9ff61f skt-ecology-section14-right\" data-id=\"f9ff61f\" data-element_type=\"column\">\n\t\t\t<div class=\"elementor-widget-wrap elementor-element-populated\">\n\t\t\t\t\t\t\t\t<div class=\"elementor-element elementor-element-4d0a581 elementor-widget__width-initial elementor-widget elementor-widget-heading\" data-id=\"4d0a581\" data-element_type=\"widget\" data-widget_type=\"heading.default\">\n\t\t\t\t<div class=\"elementor-widget-container\">\n\t\t\t<h2 class=\"elementor-heading-title elementor-size-default\">De asemenea <br\/> ne pute\u021bi g\u0103si aici!<\/h2>\t\t<\/div>\n\t\t\t\t<\/div>\n\t\t\t\t<div class=\"elementor-element elementor-element-64cbfba elementor-widget__width-initial elementor-widget elementor-widget-text-editor\" data-id=\"64cbfba\" data-element_type=\"widget\" data-widget_type=\"text-editor.default\">\n\t\t\t\t<div class=\"elementor-widget-container\">\n\t\t\t\t\t\t\t<a href=\"tel: 40 770 381 636\">+40 770 381 636<\/a>\n<br\/>\n<a href=\"tel: 40 769 098 282\">+40 769 098 282<\/a>\n<br\/>\n<a href=\"mailto:helloeleon@eleon-energy.com\">helloeleon@eleon-energy.com<\/a>\t\t\t\t\t\t<\/div>\n\t\t\t\t<\/div>\n\t\t\t\t\t<\/div>\n\t\t<\/div>\n\t\t\t\t\t\t\t<\/div>\n\t\t<\/section>\n\t\t\t\t\t\t\t<\/div>","protected":false},"excerpt":{"rendered":"<p>Contact Have a question? Get in touch If you\u2019d like to learn more about Eleon, fill out the form and we\u2019ll be happy to share our renewable energy vision of tomorrow with you. Would be our pleasure to hear from you! You can also find us here! +40 770 381 636 +40 769 098 282<br \/><a class=\"moretag\" href=\"https:\/\/eleon-energy.com\/ro\/contact\/\">+ Read More<\/a><\/p>","protected":false},"author":1,"featured_media":0,"parent":0,"menu_order":0,"comment_status":"closed","ping_status":"closed","template":"templates\/builder-fullwidth-std.php","meta":{"footnotes":""},"class_list":["post-1250","page","type-page","status-publish","hentry"],"yoast_head":"<!-- This site is optimized with the Yoast SEO plugin v20.7 - https:\/\/yoast.com\/wordpress\/plugins\/seo\/ -->\n<title>Contact us - Eleon<\/title>\n<meta name=\"robots\" content=\"index, follow, max-snippet:-1, max-image-preview:large, max-video-preview:-1\" \/>\n<link rel=\"canonical\" href=\"https:\/\/eleon-energy.com\/ro\/contact\/\" \/>\n<meta property=\"og:locale\" content=\"ro_RO\" \/>\n<meta property=\"og:type\" content=\"article\" \/>\n<meta property=\"og:title\" content=\"Contact us - Eleon\" \/>\n<meta property=\"og:description\" content=\"Contact Have a question? Get in touch If you\u2019d like to learn more about Eleon, fill out the form and we\u2019ll be happy to share our renewable energy vision of tomorrow with you. Would be our pleasure to hear from you! You can also find us here! +40 770 381 636 +40 769 098 282+ Read More\" \/>\n<meta property=\"og:url\" content=\"https:\/\/eleon-energy.com\/ro\/contact\/\" \/>\n<meta property=\"og:site_name\" content=\"Eleon\" \/>\n<meta property=\"article:modified_time\" content=\"2023-05-24T20:16:16+00:00\" \/>\n<meta name=\"twitter:card\" content=\"summary_large_image\" \/>\n<meta name=\"twitter:label1\" content=\"Timp estimat pentru citire\" \/>\n\t<meta name=\"twitter:data1\" content=\"1 minut\" \/>\n<script type=\"application\/ld+json\" class=\"yoast-schema-graph\">{\"@context\":\"https:\/\/schema.org\",\"@graph\":[{\"@type\":\"WebPage\",\"@id\":\"https:\/\/eleon-energy.com\/contact\/\",\"url\":\"https:\/\/eleon-energy.com\/contact\/\",\"name\":\"Contact us - Eleon\",\"isPartOf\":{\"@id\":\"https:\/\/eleon-energy.com\/ro\/#website\"},\"datePublished\":\"2023-05-16T08:54:15+00:00\",\"dateModified\":\"2023-05-24T20:16:16+00:00\",\"breadcrumb\":{\"@id\":\"https:\/\/eleon-energy.com\/contact\/#breadcrumb\"},\"inLanguage\":\"ro-RO\",\"potentialAction\":[{\"@type\":\"ReadAction\",\"target\":[\"https:\/\/eleon-energy.com\/contact\/\"]}]},{\"@type\":\"BreadcrumbList\",\"@id\":\"https:\/\/eleon-energy.com\/contact\/#breadcrumb\",\"itemListElement\":[{\"@type\":\"ListItem\",\"position\":1,\"name\":\"Home\",\"item\":\"https:\/\/eleon-energy.com\/\"},{\"@type\":\"ListItem\",\"position\":2,\"name\":\"Contact us\"}]},{\"@type\":\"WebSite\",\"@id\":\"https:\/\/eleon-energy.com\/ro\/#website\",\"url\":\"https:\/\/eleon-energy.com\/ro\/\",\"name\":\"Eleon\",\"description\":\"\",\"potentialAction\":[{\"@type\":\"SearchAction\",\"target\":{\"@type\":\"EntryPoint\",\"urlTemplate\":\"https:\/\/eleon-energy.com\/ro\/?s={search_term_string}\"},\"query-input\":\"required name=search_term_string\"}],\"inLanguage\":\"ro-RO\"}]}<\/script>\n<!-- \/ Yoast SEO plugin. -->","yoast_head_json":{"title":"Contact us - Eleon","robots":{"index":"index","follow":"follow","max-snippet":"max-snippet:-1","max-image-preview":"max-image-preview:large","max-video-preview":"max-video-preview:-1"},"canonical":"https:\/\/eleon-energy.com\/ro\/contact\/","og_locale":"ro_RO","og_type":"article","og_title":"Contact us - Eleon","og_description":"Contact Have a question? Get in touch If you\u2019d like to learn more about Eleon, fill out the form and we\u2019ll be happy to share our renewable energy vision of tomorrow with you. Would be our pleasure to hear from you! You can also find us here! +40 770 381 636 +40 769 098 282+ Read More","og_url":"https:\/\/eleon-energy.com\/ro\/contact\/","og_site_name":"Eleon","article_modified_time":"2023-05-24T20:16:16+00:00","twitter_card":"summary_large_image","twitter_misc":{"Timp estimat pentru citire":"1 minut"},"schema":{"@context":"https:\/\/schema.org","@graph":[{"@type":"WebPage","@id":"https:\/\/eleon-energy.com\/contact\/","url":"https:\/\/eleon-energy.com\/contact\/","name":"Contact us - Eleon","isPartOf":{"@id":"https:\/\/eleon-energy.com\/ro\/#website"},"datePublished":"2023-05-16T08:54:15+00:00","dateModified":"2023-05-24T20:16:16+00:00","breadcrumb":{"@id":"https:\/\/eleon-energy.com\/contact\/#breadcrumb"},"inLanguage":"ro-RO","potentialAction":[{"@type":"ReadAction","target":["https:\/\/eleon-energy.com\/contact\/"]}]},{"@type":"BreadcrumbList","@id":"https:\/\/eleon-energy.com\/contact\/#breadcrumb","itemListElement":[{"@type":"ListItem","position":1,"name":"Home","item":"https:\/\/eleon-energy.com\/"},{"@type":"ListItem","position":2,"name":"Contact us"}]},{"@type":"WebSite","@id":"https:\/\/eleon-energy.com\/ro\/#website","url":"https:\/\/eleon-energy.com\/ro\/","name":"Eleon","description":"","potentialAction":[{"@type":"SearchAction","target":{"@type":"EntryPoint","urlTemplate":"https:\/\/eleon-energy.com\/ro\/?s={search_term_string}"},"query-input":"required name=search_term_string"}],"inLanguage":"ro-RO"}]}},"_links":{"self":[{"href":"https:\/\/eleon-energy.com\/ro\/wp-json\/wp\/v2\/pages\/1250","targetHints":{"allow":["GET"]}}],"collection":[{"href":"https:\/\/eleon-energy.com\/ro\/wp-json\/wp\/v2\/pages"}],"about":[{"href":"https:\/\/eleon-energy.com\/ro\/wp-json\/wp\/v2\/types\/page"}],"author":[{"embeddable":true,"href":"https:\/\/eleon-energy.com\/ro\/wp-json\/wp\/v2\/users\/1"}],"replies":[{"embeddable":true,"href":"https:\/\/eleon-energy.com\/ro\/wp-json\/wp\/v2\/comments?post=1250"}],"version-history":[{"count":196,"href":"https:\/\/eleon-energy.com\/ro\/wp-json\/wp\/v2\/pages\/1250\/revisions"}],"predecessor-version":[{"id":3956,"href":"https:\/\/eleon-energy.com\/ro\/wp-json\/wp\/v2\/pages\/1250\/revisions\/3956"}],"wp:attachment":[{"href":"https:\/\/eleon-energy.com\/ro\/wp-json\/wp\/v2\/media?parent=1250"}],"curies":[{"name":"wp","href":"https:\/\/api.w.org\/{rel}","templated":true}]}}