{"id":120,"date":"2022-02-22T09:41:16","date_gmt":"2022-02-22T09:41:16","guid":{"rendered":"https:\/\/www.sktperfectdemo.com\/themepack\/ecology\/?page_id=120"},"modified":"2023-05-19T13:50:51","modified_gmt":"2023-05-19T13:50:51","slug":"our-solution","status":"publish","type":"page","link":"https:\/\/eleon-energy.com\/ro\/our-solution\/","title":{"rendered":"Our Solution"},"content":{"rendered":"<div data-elementor-type=\"wp-page\" data-elementor-id=\"120\" class=\"elementor elementor-120\">\n\t\t\t\t\t\t\t\t\t<section class=\"elementor-section elementor-top-section elementor-element elementor-element-65492aee skt-ecology-section2 elementor-section-full_width elementor-section-stretched elementor-section-height-default elementor-section-height-default\" data-id=\"65492aee\" data-element_type=\"section\" data-settings=\"{&quot;background_background&quot;:&quot;classic&quot;,&quot;stretch_section&quot;:&quot;section-stretched&quot;}\">\n\t\t\t\t\t\t<div class=\"elementor-container elementor-column-gap-default\">\n\t\t\t\t\t<div class=\"elementor-column elementor-col-100 elementor-top-column elementor-element elementor-element-76fa217c\" data-id=\"76fa217c\" data-element_type=\"column\">\n\t\t\t<div class=\"elementor-widget-wrap elementor-element-populated\">\n\t\t\t\t\t\t\t\t<section class=\"elementor-section elementor-inner-section elementor-element elementor-element-1b8efcf9 elementor-section-boxed elementor-section-height-default elementor-section-height-default\" data-id=\"1b8efcf9\" data-element_type=\"section\">\n\t\t\t\t\t\t<div class=\"elementor-container elementor-column-gap-default\">\n\t\t\t\t\t<div class=\"elementor-column elementor-col-33 elementor-inner-column elementor-element elementor-element-2787810c\" data-id=\"2787810c\" data-element_type=\"column\">\n\t\t\t<div class=\"elementor-widget-wrap\">\n\t\t\t\t\t\t\t\t\t<\/div>\n\t\t<\/div>\n\t\t\t\t<div class=\"elementor-column elementor-col-33 elementor-inner-column elementor-element elementor-element-4f8ba0a8\" data-id=\"4f8ba0a8\" data-element_type=\"column\">\n\t\t\t<div class=\"elementor-widget-wrap elementor-element-populated\">\n\t\t\t\t\t\t\t\t<div class=\"elementor-element elementor-element-1687655c elementor-widget elementor-widget-heading\" data-id=\"1687655c\" data-element_type=\"widget\" data-widget_type=\"heading.default\">\n\t\t\t\t<div class=\"elementor-widget-container\">\n\t\t\t<style>\/*! elementor - v3.13.1 - 09-05-2023 *\/\n.elementor-heading-title{padding:0;margin:0;line-height:1}.elementor-widget-heading .elementor-heading-title[class*=elementor-size-]>a{color:inherit;font-size:inherit;line-height:inherit}.elementor-widget-heading .elementor-heading-title.elementor-size-small{font-size:15px}.elementor-widget-heading .elementor-heading-title.elementor-size-medium{font-size:19px}.elementor-widget-heading .elementor-heading-title.elementor-size-large{font-size:29px}.elementor-widget-heading .elementor-heading-title.elementor-size-xl{font-size:39px}.elementor-widget-heading .elementor-heading-title.elementor-size-xxl{font-size:59px}<\/style><h2 class=\"elementor-heading-title elementor-size-default\">Our Solution<\/h2>\t\t<\/div>\n\t\t\t\t<\/div>\n\t\t\t\t\t<\/div>\n\t\t<\/div>\n\t\t\t\t<div class=\"elementor-column elementor-col-33 elementor-inner-column elementor-element elementor-element-26529ab4\" data-id=\"26529ab4\" data-element_type=\"column\">\n\t\t\t<div class=\"elementor-widget-wrap\">\n\t\t\t\t\t\t\t\t\t<\/div>\n\t\t<\/div>\n\t\t\t\t\t\t\t<\/div>\n\t\t<\/section>\n\t\t\t\t<div class=\"elementor-element elementor-element-5a4f974 elementor-widget elementor-widget-shortcode\" data-id=\"5a4f974\" data-element_type=\"widget\" data-widget_type=\"shortcode.default\">\n\t\t\t\t<div class=\"elementor-widget-container\">\n\t\t\t\t\t<div class=\"elementor-shortcode\"><div class=\"services-box-outer\"> \n\t\t\t<div class=\"services-box-outer-area\"><div class=\"services-box-content\"><div class=\"skt-services-outer\"><div class=\"skt-services-image\">\n\t\t\t<a href=\"https:\/\/eleon-energy.com\/ro\/our-mission\/what-is-eleon\/\" title=\"What is Eleon\"><img decoding=\"async\" src=\"https:\/\/eleon-energy.com\/wp-content\/uploads\/2023\/05\/shutterstock_1821946841-scaled.jpg\"><\/a><\/div><\/div><div class=\"services-infobox\">\n                \t<h3 class=\"skt-services-title\"><a href=\"https:\/\/eleon-energy.com\/ro\/our-mission\/what-is-eleon\/\">What is Eleon<\/a><\/h3>\n\t\t\t\t\t<p> este prima turbin\u0103 eolian\u0103 \u2013 pomp\u0103 de ap\u0103 conceput\u0103 sub form\u0103 de kit, pentru extragerea apei din sol destinat\u0103 nevoilor casnice sau micilor fermieri. Conceptul urm\u0103re\u0219te utilizarea energiei eoliene pentru a o transforma direct \u00een energie mecanic\u0103, f\u0103r\u0103 a utiliza niciun fel de component\u0103 electric\u0103. Echipamentul a fost conceput sub forma unui kit astfel \u00eencat s\u0103 poat\u0103 fi u\u0219or de asamblat \u0219i demontat (pentru a fi relocat) de c\u0103tre orice persoan\u0103 cu un nivel minim de cuno\u0219tin\u021be mecanice. Proiectul a urm\u0103rit ca \u00eentregul ansamblu s\u0103 fie compus din c\u00e2t mai pu\u021bine elemente mecanice mobile, astfel \u00eenc\u00e2t s\u0103 aib\u0103 fiabilitate sporit\u0103, s\u0103 nu necesite \u00eentre\u021binere complex\u0103 \u0219i frecvent\u0103, s\u0103 nu fie nevoie de lubrifian\u021bi sau alte consumabile.<br\/>\r\nWe have taken into account the ever-increasing need for water in agriculture at a price as low as possible and with the best possible ecological impact. Even the manufacturing process of the components and sub-assemblies of the pump wind turbine has been designed in such a way that no waste or harmful emanations result from an ecological point of view. The wind turbine does not have a negative impact on the environment in the sense that does not have neither noise pollution nor does have danger to the living things in the environment.\r\nWe have, as perspective, the diversification of this type of turbine not only in terms of the water extraction capacity but especially that of covering a wider range of extracted water pressure, in this way it can be used even at greater depths.\r\nThe field of use extends from the extraction of water for domestic needs (especially in more isolated areas), the irrigation of some surfaces of greenhouses and solariums between 0.2 - 0.5ha \/ turbine, depending on the wind speed in the area as well as for the provision of drinking water in animal and bird farms or refreshing the water in fish ponds and residential pools.\r\nFollowing the market analysis and the study of the meteorological maps that represent the situation of the presence and strength of the wind in the world, we found that there is a water requirement of 1.5 - 2% for small farms and private households.<\/p><\/div><\/div><\/div> \n\t\t\t<div class=\"services-box-outer-area\"><div class=\"services-box-content\"><div class=\"skt-services-outer\"><div class=\"skt-services-image\">\n\t\t\t<a href=\"https:\/\/eleon-energy.com\/ro\/our-mission\/why-eleon\/\" title=\"Why Eleon\"><img decoding=\"async\" src=\"https:\/\/www.sktperfectdemo.com\/themepack\/ecology\/wp-content\/uploads\/2022\/02\/mission-img2.png\"><\/a><\/div><\/div><div class=\"services-infobox\">\n                \t<h3 class=\"skt-services-title\"><a href=\"https:\/\/eleon-energy.com\/ro\/our-mission\/why-eleon\/\">Why Eleon<\/a><\/h3>\n\t\t\t\t\t<p>Etiam quis lacuac metu faciliss loboreget at tor ororbi et arcu est.<\/p><\/div><\/div><\/div> \n\t\t\t<div class=\"services-box-outer-area\"><div class=\"services-box-content\"><div class=\"skt-services-outer\"><div class=\"skt-services-image\">\n\t\t\t<a href=\"https:\/\/eleon-energy.com\/ro\/our-mission\/new-times-new-energies\/\" title=\"New times, new &#8220;energies&#8221;\"><img decoding=\"async\" src=\"https:\/\/www.sktperfectdemo.com\/themepack\/ecology\/wp-content\/uploads\/2022\/02\/mission-img3.png\"><\/a><\/div><\/div><div class=\"services-infobox\">\n                \t<h3 class=\"skt-services-title\"><a href=\"https:\/\/eleon-energy.com\/ro\/our-mission\/new-times-new-energies\/\">New times, new &#8220;energies&#8221;<\/a><\/h3>\n\t\t\t\t\t<p>Etiam quis lacuac metu faciliss loboreget at tor ororbi et arcu est.<\/p><\/div><\/div><\/div> \n\t\t\t<div class=\"services-box-outer-area\"><div class=\"services-box-content\"><div class=\"skt-services-outer\"><div class=\"skt-services-image\">\n\t\t\t<a href=\"https:\/\/eleon-energy.com\/ro\/our-mission\/agri-innovation-eleon\/\" title=\"Agri &#8211; Innovation Eleon\"><img decoding=\"async\" src=\"https:\/\/www.sktperfectdemo.com\/themepack\/ecology\/wp-content\/uploads\/2022\/02\/mission-img4.png\"><\/a><\/div><\/div><div class=\"services-infobox\">\n                \t<h3 class=\"skt-services-title\"><a href=\"https:\/\/eleon-energy.com\/ro\/our-mission\/agri-innovation-eleon\/\">Agri &#8211; Innovation Eleon<\/a><\/h3>\n\t\t\t\t\t<p>Etiam quis lacuac metu faciliss loboreget at tor ororbi et arcu est.<\/p><\/div><\/div><\/div> \n\t\t\t<div class=\"services-box-outer-area\"><div class=\"services-box-content\"><div class=\"skt-services-outer\"><div class=\"skt-services-image\">\n\t\t\t<a href=\"https:\/\/eleon-energy.com\/ro\/our-mission\/what-we-do\/\" title=\"What we do\"><img decoding=\"async\" src=\"https:\/\/www.sktperfectdemo.com\/themepack\/ecology\/wp-content\/uploads\/2022\/02\/mission-img5.png\"><\/a><\/div><\/div><div class=\"services-infobox\">\n                \t<h3 class=\"skt-services-title\"><a href=\"https:\/\/eleon-energy.com\/ro\/our-mission\/what-we-do\/\">What we do<\/a><\/h3>\n\t\t\t\t\t<p>Etiam quis lacuac metu faciliss loboreget at tor ororbi et arcu est.<\/p><\/div><\/div><\/div> \n\t\t\t<div class=\"services-box-outer-area\"><div class=\"services-box-content\"><div class=\"skt-services-outer\"><div class=\"skt-services-image\">\n\t\t\t<a href=\"https:\/\/eleon-energy.com\/ro\/our-mission\/the-need-of-eleon\/\" title=\"The need of Eleon\"><img decoding=\"async\" src=\"https:\/\/www.sktperfectdemo.com\/themepack\/ecology\/wp-content\/uploads\/2022\/02\/mission-img6.png\"><\/a><\/div><\/div><div class=\"services-infobox\">\n                \t<h3 class=\"skt-services-title\"><a href=\"https:\/\/eleon-energy.com\/ro\/our-mission\/the-need-of-eleon\/\">The need of Eleon<\/a><\/h3>\n\t\t\t\t\t<p>Etiam quis lacuac metu faciliss loboreget at tor ororbi et arcu est.<\/p><\/div><\/div><\/div> \n\t\t\t<div class=\"services-box-outer-area\"><div class=\"services-box-content\"><div class=\"skt-services-outer\"><div class=\"skt-services-image\">\n\t\t\t<a href=\"https:\/\/eleon-energy.com\/ro\/our-mission\/social-impact-and-un-sdgs\/\" title=\"Social Impact &#038; U.N. SDGs\"><img decoding=\"async\" src=\"https:\/\/www.sktperfectdemo.com\/themepack\/ecology\/wp-content\/uploads\/2022\/02\/mission-img8.png\"><\/a><\/div><\/div><div class=\"services-infobox\">\n                \t<h3 class=\"skt-services-title\"><a href=\"https:\/\/eleon-energy.com\/ro\/our-mission\/social-impact-and-un-sdgs\/\">Social Impact &#038; U.N. SDGs<\/a><\/h3>\n\t\t\t\t\t<p>Etiam quis lacuac metu faciliss loboreget at tor ororbi et arcu est.<\/p><\/div><\/div><\/div> \n\t\t\t<div class=\"services-box-outer-area\"><div class=\"services-box-content\"><div class=\"skt-services-outer\"><div class=\"skt-services-image\">\n\t\t\t<a href=\"https:\/\/eleon-energy.com\/ro\/our-mission\/eleon-use\/\" title=\"Eleon Use\"><img decoding=\"async\" src=\"https:\/\/www.sktperfectdemo.com\/themepack\/ecology\/wp-content\/uploads\/2022\/02\/mission-img8.png\"><\/a><\/div><\/div><div class=\"services-infobox\">\n                \t<h3 class=\"skt-services-title\"><a href=\"https:\/\/eleon-energy.com\/ro\/our-mission\/eleon-use\/\">Eleon Use<\/a><\/h3>\n\t\t\t\t\t<p>Etiam quis lacuac metu faciliss loboreget at tor ororbi et arcu est.<\/p><\/div><\/div><\/div> \n\t\t\t<div class=\"services-box-outer-area\"><div class=\"services-box-content\"><div class=\"skt-services-outer\"><div class=\"skt-services-image\">\n\t\t\t<a href=\"https:\/\/eleon-energy.com\/ro\/our-mission\/agriculture-water-is-a-global-issue\/\" title=\"Agriculture water is a global issue\"><img decoding=\"async\" src=\"https:\/\/www.sktperfectdemo.com\/themepack\/ecology\/wp-content\/uploads\/2022\/02\/mission-img6.png\"><\/a><\/div><\/div><div class=\"services-infobox\">\n                \t<h3 class=\"skt-services-title\"><a href=\"https:\/\/eleon-energy.com\/ro\/our-mission\/agriculture-water-is-a-global-issue\/\">Agriculture water is a global issue<\/a><\/h3>\n\t\t\t\t\t<p>Etiam quis lacuac metu faciliss loboreget at tor ororbi et arcu est.<\/p><\/div><\/div><\/div> \n\t\t\t<div class=\"services-box-outer-area\"><div class=\"services-box-content\"><div class=\"skt-services-outer\"><div class=\"skt-services-image\">\n\t\t\t<a href=\"https:\/\/eleon-energy.com\/ro\/our-mission\/the-new-concept-of-wind-turbines-for-agri-water\/\" title=\"The NEW concept of wind turbines for agri water\"><img decoding=\"async\" src=\"https:\/\/www.sktperfectdemo.com\/themepack\/ecology\/wp-content\/uploads\/2022\/02\/mission-img6.png\"><\/a><\/div><\/div><div class=\"services-infobox\">\n                \t<h3 class=\"skt-services-title\"><a href=\"https:\/\/eleon-energy.com\/ro\/our-mission\/the-new-concept-of-wind-turbines-for-agri-water\/\">The NEW concept of wind turbines for agri water<\/a><\/h3>\n\t\t\t\t\t<p>Etiam quis lacuac metu faciliss loboreget at tor ororbi et arcu est.<\/p><\/div><\/div><\/div> \n\t\t\t<div class=\"services-box-outer-area\"><div class=\"services-box-content\"><div class=\"skt-services-outer\"><div class=\"skt-services-image\">\n\t\t\t<a href=\"https:\/\/eleon-energy.com\/ro\/our-mission\/market-opportunity\/\" title=\"Market opportunity\"><img decoding=\"async\" src=\"https:\/\/www.sktperfectdemo.com\/themepack\/ecology\/wp-content\/uploads\/2022\/02\/mission-img6.png\"><\/a><\/div><\/div><div class=\"services-infobox\">\n                \t<h3 class=\"skt-services-title\"><a href=\"https:\/\/eleon-energy.com\/ro\/our-mission\/market-opportunity\/\">Market opportunity<\/a><\/h3>\n\t\t\t\t\t<p>Etiam quis lacuac metu faciliss loboreget at tor ororbi et arcu est.<\/p><\/div><\/div><\/div><\/div><\/div>\n\t\t\t\t<\/div>\n\t\t\t\t<\/div>\n\t\t\t\t\t<\/div>\n\t\t<\/div>\n\t\t\t\t\t\t\t<\/div>\n\t\t<\/section>\n\t\t\t\t\t\t\t<\/div>","protected":false},"excerpt":{"rendered":"<p>Our Solution<\/p>","protected":false},"author":1,"featured_media":0,"parent":0,"menu_order":0,"comment_status":"closed","ping_status":"closed","template":"templates\/page-builder.php","meta":{"footnotes":""},"class_list":["post-120","page","type-page","status-publish","hentry"],"yoast_head":"<!-- This site is optimized with the Yoast SEO plugin v20.7 - https:\/\/yoast.com\/wordpress\/plugins\/seo\/ -->\n<title>Our Solution - Eleon<\/title>\n<meta name=\"robots\" content=\"index, follow, max-snippet:-1, max-image-preview:large, max-video-preview:-1\" \/>\n<link rel=\"canonical\" href=\"https:\/\/eleon-energy.com\/ro\/our-solution\/\" \/>\n<meta property=\"og:locale\" content=\"ro_RO\" \/>\n<meta property=\"og:type\" content=\"article\" \/>\n<meta property=\"og:title\" content=\"Our Solution - Eleon\" \/>\n<meta property=\"og:description\" content=\"Our Solution\" \/>\n<meta property=\"og:url\" content=\"https:\/\/eleon-energy.com\/ro\/our-solution\/\" \/>\n<meta property=\"og:site_name\" content=\"Eleon\" \/>\n<meta property=\"article:modified_time\" content=\"2023-05-19T13:50:51+00:00\" \/>\n<meta name=\"twitter:card\" content=\"summary_large_image\" \/>\n<meta name=\"twitter:label1\" content=\"Timp estimat pentru citire\" \/>\n\t<meta name=\"twitter:data1\" content=\"3 minute\" \/>\n<script type=\"application\/ld+json\" class=\"yoast-schema-graph\">{\"@context\":\"https:\/\/schema.org\",\"@graph\":[{\"@type\":\"WebPage\",\"@id\":\"https:\/\/eleon-energy.com\/our-solution\/\",\"url\":\"https:\/\/eleon-energy.com\/our-solution\/\",\"name\":\"Our Solution - Eleon\",\"isPartOf\":{\"@id\":\"https:\/\/eleon-energy.com\/ro\/#website\"},\"datePublished\":\"2022-02-22T09:41:16+00:00\",\"dateModified\":\"2023-05-19T13:50:51+00:00\",\"breadcrumb\":{\"@id\":\"https:\/\/eleon-energy.com\/our-solution\/#breadcrumb\"},\"inLanguage\":\"ro-RO\",\"potentialAction\":[{\"@type\":\"ReadAction\",\"target\":[\"https:\/\/eleon-energy.com\/our-solution\/\"]}]},{\"@type\":\"BreadcrumbList\",\"@id\":\"https:\/\/eleon-energy.com\/our-solution\/#breadcrumb\",\"itemListElement\":[{\"@type\":\"ListItem\",\"position\":1,\"name\":\"Home\",\"item\":\"https:\/\/eleon-energy.com\/\"},{\"@type\":\"ListItem\",\"position\":2,\"name\":\"Our Solution\"}]},{\"@type\":\"WebSite\",\"@id\":\"https:\/\/eleon-energy.com\/ro\/#website\",\"url\":\"https:\/\/eleon-energy.com\/ro\/\",\"name\":\"Eleon\",\"description\":\"\",\"potentialAction\":[{\"@type\":\"SearchAction\",\"target\":{\"@type\":\"EntryPoint\",\"urlTemplate\":\"https:\/\/eleon-energy.com\/ro\/?s={search_term_string}\"},\"query-input\":\"required name=search_term_string\"}],\"inLanguage\":\"ro-RO\"}]}<\/script>\n<!-- \/ Yoast SEO plugin. -->","yoast_head_json":{"title":"Our Solution - Eleon","robots":{"index":"index","follow":"follow","max-snippet":"max-snippet:-1","max-image-preview":"max-image-preview:large","max-video-preview":"max-video-preview:-1"},"canonical":"https:\/\/eleon-energy.com\/ro\/our-solution\/","og_locale":"ro_RO","og_type":"article","og_title":"Our Solution - Eleon","og_description":"Our Solution","og_url":"https:\/\/eleon-energy.com\/ro\/our-solution\/","og_site_name":"Eleon","article_modified_time":"2023-05-19T13:50:51+00:00","twitter_card":"summary_large_image","twitter_misc":{"Timp estimat pentru citire":"3 minute"},"schema":{"@context":"https:\/\/schema.org","@graph":[{"@type":"WebPage","@id":"https:\/\/eleon-energy.com\/our-solution\/","url":"https:\/\/eleon-energy.com\/our-solution\/","name":"Our Solution - Eleon","isPartOf":{"@id":"https:\/\/eleon-energy.com\/ro\/#website"},"datePublished":"2022-02-22T09:41:16+00:00","dateModified":"2023-05-19T13:50:51+00:00","breadcrumb":{"@id":"https:\/\/eleon-energy.com\/our-solution\/#breadcrumb"},"inLanguage":"ro-RO","potentialAction":[{"@type":"ReadAction","target":["https:\/\/eleon-energy.com\/our-solution\/"]}]},{"@type":"BreadcrumbList","@id":"https:\/\/eleon-energy.com\/our-solution\/#breadcrumb","itemListElement":[{"@type":"ListItem","position":1,"name":"Home","item":"https:\/\/eleon-energy.com\/"},{"@type":"ListItem","position":2,"name":"Our Solution"}]},{"@type":"WebSite","@id":"https:\/\/eleon-energy.com\/ro\/#website","url":"https:\/\/eleon-energy.com\/ro\/","name":"Eleon","description":"","potentialAction":[{"@type":"SearchAction","target":{"@type":"EntryPoint","urlTemplate":"https:\/\/eleon-energy.com\/ro\/?s={search_term_string}"},"query-input":"required name=search_term_string"}],"inLanguage":"ro-RO"}]}},"_links":{"self":[{"href":"https:\/\/eleon-energy.com\/ro\/wp-json\/wp\/v2\/pages\/120","targetHints":{"allow":["GET"]}}],"collection":[{"href":"https:\/\/eleon-energy.com\/ro\/wp-json\/wp\/v2\/pages"}],"about":[{"href":"https:\/\/eleon-energy.com\/ro\/wp-json\/wp\/v2\/types\/page"}],"author":[{"embeddable":true,"href":"https:\/\/eleon-energy.com\/ro\/wp-json\/wp\/v2\/users\/1"}],"replies":[{"embeddable":true,"href":"https:\/\/eleon-energy.com\/ro\/wp-json\/wp\/v2\/comments?post=120"}],"version-history":[{"count":41,"href":"https:\/\/eleon-energy.com\/ro\/wp-json\/wp\/v2\/pages\/120\/revisions"}],"predecessor-version":[{"id":2525,"href":"https:\/\/eleon-energy.com\/ro\/wp-json\/wp\/v2\/pages\/120\/revisions\/2525"}],"wp:attachment":[{"href":"https:\/\/eleon-energy.com\/ro\/wp-json\/wp\/v2\/media?parent=120"}],"curies":[{"name":"wp","href":"https:\/\/api.w.org\/{rel}","templated":true}]}}